{"id":768,"date":"2023-10-31T08:37:22","date_gmt":"2023-10-31T07:37:22","guid":{"rendered":"https:\/\/spi43.fr\/?page_id=768"},"modified":"2024-10-17T17:49:31","modified_gmt":"2024-10-17T15:49:31","slug":"le-coach-pascal-auger","status":"publish","type":"page","link":"https:\/\/spi43.fr\/","title":{"rendered":"Le Coach \u00ab\u00a0SPI43\u00a0\u00bb"},"content":{"rendered":"\n<p>Entra\u00eeneur F\u00e9d\u00e9ral de triathlon<\/p>\n\n\n\n<p>Brevet d&rsquo;Etat des activit\u00e9s de la natation (BEESAN)<\/p>\n\n\n\n<p>Dipl\u00f4m\u00e9 en nutrition sportive<\/p>\n\n\n\n<p>M\u00e9daill\u00e9 d&rsquo;argent de la Jeunesse et des sports<\/p>\n\n\n\n<p><em>Ex Conseiller Technique de Ligue et Directeur Technique National (\u00eele Maurice) en triathlon<\/em><\/p>\n\n\n\n<p>Organisateurs d&rsquo;\u00e9v\u00e9nements sportifs nationaux et r\u00e9gionaux<\/p>\n\n\n\n<p>Finisher Ironman, diagonale des fous, 10km eau libre et de nombreuses places d&rsquo;honneur \u00e0 de nombreuses comp\u00e9titions (triathlons, duathlons, \u00e9preuves eau libre,&#8230;)<\/p>\n\n\n\n<div class=\"wp-block-group\"><div class=\"wp-block-group__inner-container is-layout-constrained wp-block-group-is-layout-constrained\">\n<div class=\"wp-block-group is-nowrap is-layout-flex wp-container-core-group-is-layout-ad2f72ca wp-block-group-is-layout-flex\">\n<figure class=\"wp-block-image size-large is-resized\"><img loading=\"lazy\" decoding=\"async\" width=\"484\" height=\"1024\" src=\"https:\/\/spi43.fr\/wp-content\/uploads\/2023\/10\/Pascal-brieffing-1-484x1024.jpg\" alt=\"\" class=\"wp-image-776\" style=\"aspect-ratio:0.47265625;width:250px;height:auto\" srcset=\"https:\/\/spi43.fr\/wp-content\/uploads\/2023\/10\/Pascal-brieffing-1-484x1024.jpg 484w, https:\/\/spi43.fr\/wp-content\/uploads\/2023\/10\/Pascal-brieffing-1-142x300.jpg 142w, https:\/\/spi43.fr\/wp-content\/uploads\/2023\/10\/Pascal-brieffing-1-727x1536.jpg 727w, https:\/\/spi43.fr\/wp-content\/uploads\/2023\/10\/Pascal-brieffing-1.jpg 757w\" sizes=\"auto, (max-width: 484px) 100vw, 484px\" \/><\/figure>\n\n\n\n<figure class=\"wp-block-image size-large is-resized\"><img loading=\"lazy\" decoding=\"async\" width=\"1024\" height=\"683\" src=\"https:\/\/spi43.fr\/wp-content\/uploads\/2023\/10\/IMG01717-2-1-1024x683.jpg\" alt=\"\" class=\"wp-image-777\" style=\"aspect-ratio:1.499267935578331;width:511px;height:auto\" srcset=\"https:\/\/spi43.fr\/wp-content\/uploads\/2023\/10\/IMG01717-2-1-1024x683.jpg 1024w, https:\/\/spi43.fr\/wp-content\/uploads\/2023\/10\/IMG01717-2-1-300x200.jpg 300w, https:\/\/spi43.fr\/wp-content\/uploads\/2023\/10\/IMG01717-2-1-768x512.jpg 768w, https:\/\/spi43.fr\/wp-content\/uploads\/2023\/10\/IMG01717-2-1-1536x1024.jpg 1536w, https:\/\/spi43.fr\/wp-content\/uploads\/2023\/10\/IMG01717-2-1-2048x1365.jpg 2048w\" sizes=\"auto, (max-width: 1024px) 100vw, 1024px\" \/><\/figure>\n<\/div>\n<\/div><\/div>\n","protected":false},"excerpt":{"rendered":"<p>Entra\u00eeneur F\u00e9d\u00e9ral de triathlon Brevet d&rsquo;Etat des activit\u00e9s de la natation (BEESAN) Dipl\u00f4m\u00e9 en nutrition sportive M\u00e9daill\u00e9 d&rsquo;argent de la Jeunesse et des sports Ex Conseiller Technique de Ligue et [&hellip;]<\/p>\n","protected":false},"author":1,"featured_media":0,"parent":0,"menu_order":0,"comment_status":"closed","ping_status":"closed","template":"","meta":{"footnotes":""},"class_list":["post-768","page","type-page","status-publish","hentry"],"_links":{"self":[{"href":"https:\/\/spi43.fr\/index.php?rest_route=\/wp\/v2\/pages\/768","targetHints":{"allow":["GET"]}}],"collection":[{"href":"https:\/\/spi43.fr\/index.php?rest_route=\/wp\/v2\/pages"}],"about":[{"href":"https:\/\/spi43.fr\/index.php?rest_route=\/wp\/v2\/types\/page"}],"author":[{"embeddable":true,"href":"https:\/\/spi43.fr\/index.php?rest_route=\/wp\/v2\/users\/1"}],"replies":[{"embeddable":true,"href":"https:\/\/spi43.fr\/index.php?rest_route=%2Fwp%2Fv2%2Fcomments&post=768"}],"version-history":[{"count":3,"href":"https:\/\/spi43.fr\/index.php?rest_route=\/wp\/v2\/pages\/768\/revisions"}],"predecessor-version":[{"id":884,"href":"https:\/\/spi43.fr\/index.php?rest_route=\/wp\/v2\/pages\/768\/revisions\/884"}],"wp:attachment":[{"href":"https:\/\/spi43.fr\/index.php?rest_route=%2Fwp%2Fv2%2Fmedia&parent=768"}],"curies":[{"name":"wp","href":"https:\/\/api.w.org\/{rel}","templated":true}]}}