{"id":420,"date":"2022-06-13T09:25:50","date_gmt":"2022-06-13T07:25:50","guid":{"rendered":"http:\/\/spi43.fr\/?page_id=420"},"modified":"2025-11-05T16:23:36","modified_gmt":"2025-11-05T15:23:36","slug":"stages-termines","status":"publish","type":"page","link":"https:\/\/spi43.fr\/?page_id=420","title":{"rendered":"Tour Cyclo de la Haute-Loire  du Vendredi 19 au Dimanche 21 Juin 2026"},"content":{"rendered":"\n<p><\/p>\n\n\n\n<p><\/p>\n\n\n\n<figure class=\"wp-block-image size-full\"><img loading=\"lazy\" decoding=\"async\" width=\"720\" height=\"960\" src=\"https:\/\/spi43.fr\/wp-content\/uploads\/2025\/11\/Diapositive1-3.jpeg\" alt=\"\" class=\"wp-image-973\" srcset=\"https:\/\/spi43.fr\/wp-content\/uploads\/2025\/11\/Diapositive1-3.jpeg 720w, https:\/\/spi43.fr\/wp-content\/uploads\/2025\/11\/Diapositive1-3-225x300.jpeg 225w\" sizes=\"auto, (max-width: 720px) 100vw, 720px\" \/><\/figure>\n\n\n\n<figure class=\"wp-block-image size-full\"><img loading=\"lazy\" decoding=\"async\" width=\"720\" height=\"960\" src=\"https:\/\/spi43.fr\/wp-content\/uploads\/2025\/11\/Diapositive2-3.jpeg\" alt=\"\" class=\"wp-image-975\" srcset=\"https:\/\/spi43.fr\/wp-content\/uploads\/2025\/11\/Diapositive2-3.jpeg 720w, https:\/\/spi43.fr\/wp-content\/uploads\/2025\/11\/Diapositive2-3-225x300.jpeg 225w\" sizes=\"auto, (max-width: 720px) 100vw, 720px\" \/><\/figure>\n\n\n\n<p class=\"has-luminous-vivid-orange-background-color has-background\">Edition 2022 et 2023<\/p>\n\n\n<div dir=\"auto\">Retour sur la seconde \u00e9dition du Tour cyclo de la Haute Loire 2022.<\/div>\n<div dir=\"auto\">Un p\u00e9riple de 330km sur 3 jours avec un D+ de 5300m.<\/div>\n<div dir=\"auto\">F\u00e9licitations \u00e0 tous les participants pour ce bel effort et surtout cet esprit de partage, coh\u00e9sion, bienveillance. Nous avions du mal \u00e0 nous s\u00e9parer apr\u00e8s l\u2019assiette auvergnate prise aux Estables. Une mention particuli\u00e8re aux 2 capitaines de route (Bruno et St\u00e9phane) qui ont eu une mention sp\u00e9ciale des participants.<\/div>\n<div dir=\"auto\">Sur la photo c&rsquo;est bien les Estables derri\u00e8re les cyclistes et le Mont M\u00e9zenc. Seconde photo, collation devant l&rsquo;\u00e9glise de St Paul de Tartas. La descente finale a \u00e9t\u00e9 savour\u00e9e pour appr\u00e9cier ce bel effort durant 3 jours.<\/div>\n<div dir=\"auto\">C&rsquo;est beau le sport dans ce contexte l\u00e0&#8230;.<\/div>\n<div dir=\"auto\">\u00a0<\/div>\n<div dir=\"auto\">\u00a0<\/div>\n\n\n<figure class=\"wp-block-image size-large\"><img loading=\"lazy\" decoding=\"async\" width=\"1024\" height=\"768\" src=\"https:\/\/spi43.fr\/wp-content\/uploads\/2022\/09\/20220612_150251-1024x768.jpg\" alt=\"\" class=\"wp-image-547\" srcset=\"https:\/\/spi43.fr\/wp-content\/uploads\/2022\/09\/20220612_150251-1024x768.jpg 1024w, https:\/\/spi43.fr\/wp-content\/uploads\/2022\/09\/20220612_150251-300x225.jpg 300w, https:\/\/spi43.fr\/wp-content\/uploads\/2022\/09\/20220612_150251-768x576.jpg 768w, https:\/\/spi43.fr\/wp-content\/uploads\/2022\/09\/20220612_150251-1536x1152.jpg 1536w, https:\/\/spi43.fr\/wp-content\/uploads\/2022\/09\/20220612_150251-2048x1536.jpg 2048w\" sizes=\"auto, (max-width: 1024px) 100vw, 1024px\" \/><\/figure>\n\n\n\n<figure class=\"wp-block-image size-large\"><img loading=\"lazy\" decoding=\"async\" width=\"1024\" height=\"768\" src=\"https:\/\/spi43.fr\/wp-content\/uploads\/2022\/06\/287858246_5467358843284859_8642925271269487049_n-1-1024x768.jpg\" alt=\"\" class=\"wp-image-439\" srcset=\"https:\/\/spi43.fr\/wp-content\/uploads\/2022\/06\/287858246_5467358843284859_8642925271269487049_n-1-1024x768.jpg 1024w, https:\/\/spi43.fr\/wp-content\/uploads\/2022\/06\/287858246_5467358843284859_8642925271269487049_n-1-300x225.jpg 300w, https:\/\/spi43.fr\/wp-content\/uploads\/2022\/06\/287858246_5467358843284859_8642925271269487049_n-1-768x576.jpg 768w, https:\/\/spi43.fr\/wp-content\/uploads\/2022\/06\/287858246_5467358843284859_8642925271269487049_n-1-1536x1152.jpg 1536w, https:\/\/spi43.fr\/wp-content\/uploads\/2022\/06\/287858246_5467358843284859_8642925271269487049_n-1.jpg 2048w\" sizes=\"auto, (max-width: 1024px) 100vw, 1024px\" \/><\/figure>\n\n\n<div id=\"metaslider-id-434\" style=\"width: 100%;\" class=\"ml-slider-3-108-0 metaslider metaslider-flex metaslider-434 ml-slider has-dots-nav ms-theme-default\" role=\"region\" aria-label=\"TOUR CYCLO HAUTE-LOIRE 2022\" data-height=\"300\" data-width=\"700\">\n    <div id=\"metaslider_container_434\">\n        <div id=\"metaslider_434\">\n            <ul class='slides'>\n                <li style=\"display: block; width: 100%;\" class=\"slide-446 ms-image \" aria-roledescription=\"slide\" data-date=\"2022-06-13 09:53:41\" data-filename=\"287954360_5464435360243874_7729364526752729879_n-4-700x300.jpg\" data-slide-type=\"image\"><img loading=\"lazy\" decoding=\"async\" src=\"https:\/\/spi43.fr\/wp-content\/uploads\/2022\/06\/287954360_5464435360243874_7729364526752729879_n-4-700x300.jpg\" height=\"300\" width=\"700\" alt=\"\" class=\"slider-434 slide-446 msDefaultImage\" title=\"287954360_5464435360243874_7729364526752729879_n\" \/><\/li>\n                <li style=\"display: none; width: 100%;\" class=\"slide-457 ms-image \" aria-roledescription=\"slide\" data-date=\"2022-06-13 10:02:52\" data-filename=\"287458920_5461792843841459_4806696043075233101_n-700x300.jpg\" data-slide-type=\"image\"><img loading=\"lazy\" decoding=\"async\" src=\"https:\/\/spi43.fr\/wp-content\/uploads\/2022\/06\/287458920_5461792843841459_4806696043075233101_n-700x300.jpg\" height=\"300\" width=\"700\" alt=\"\" class=\"slider-434 slide-457 msDefaultImage\" title=\"287458920_5461792843841459_4806696043075233101_n\" \/><\/li>\n                <li style=\"display: none; width: 100%;\" class=\"slide-441 ms-image \" aria-roledescription=\"slide\" data-date=\"2022-06-13 09:53:41\" data-filename=\"287495883_5464439416910135_7742213058247760928_n-1-700x300.jpg\" data-slide-type=\"image\"><img loading=\"lazy\" decoding=\"async\" src=\"https:\/\/spi43.fr\/wp-content\/uploads\/2022\/06\/287495883_5464439416910135_7742213058247760928_n-1-700x300.jpg\" height=\"300\" width=\"700\" alt=\"\" class=\"slider-434 slide-441 msDefaultImage\" title=\"TOUR CYCLO HAUTE-LOIRe 2022\" \/><\/li>\n                <li style=\"display: none; width: 100%;\" class=\"slide-442 ms-image \" aria-roledescription=\"slide\" data-date=\"2022-06-13 09:53:41\" data-filename=\"287519981_5464439496910127_3255798552884621214_n-2-700x300.jpg\" data-slide-type=\"image\"><img loading=\"lazy\" decoding=\"async\" src=\"https:\/\/spi43.fr\/wp-content\/uploads\/2022\/06\/287519981_5464439496910127_3255798552884621214_n-2-700x300.jpg\" height=\"300\" width=\"700\" alt=\"\" class=\"slider-434 slide-442 msDefaultImage\" title=\"287519981_5464439496910127_3255798552884621214_n\" \/><\/li>\n                <li style=\"display: none; width: 100%;\" class=\"slide-443 ms-image \" aria-roledescription=\"slide\" data-date=\"2022-06-13 09:53:41\" data-filename=\"287526239_5464439503576793_5089483461221942389_n-1-700x300.jpg\" data-slide-type=\"image\"><img loading=\"lazy\" decoding=\"async\" src=\"https:\/\/spi43.fr\/wp-content\/uploads\/2022\/06\/287526239_5464439503576793_5089483461221942389_n-1-700x300.jpg\" height=\"300\" width=\"700\" alt=\"\" class=\"slider-434 slide-443 msDefaultImage\" title=\"287526239_5464439503576793_5089483461221942389_n\" \/><\/li>\n                <li style=\"display: none; width: 100%;\" class=\"slide-444 ms-image \" aria-roledescription=\"slide\" data-date=\"2022-06-13 09:53:41\" data-filename=\"287646111_5467358469951563_660202699876823919_n-1-600x257.jpg\" data-slide-type=\"image\"><img loading=\"lazy\" decoding=\"async\" src=\"https:\/\/spi43.fr\/wp-content\/uploads\/2022\/06\/287646111_5467358469951563_660202699876823919_n-1-600x257.jpg\" height=\"300\" width=\"700\" alt=\"\" class=\"slider-434 slide-444 msDefaultImage\" title=\"287646111_5467358469951563_660202699876823919_n\" \/><\/li>\n                <li style=\"display: none; width: 100%;\" class=\"slide-445 ms-image \" aria-roledescription=\"slide\" data-date=\"2022-06-13 09:53:41\" data-filename=\"287858246_5467358843284859_8642925271269487049_n-1-700x300.jpg\" data-slide-type=\"image\"><img loading=\"lazy\" decoding=\"async\" src=\"https:\/\/spi43.fr\/wp-content\/uploads\/2022\/06\/287858246_5467358843284859_8642925271269487049_n-1-700x300.jpg\" height=\"300\" width=\"700\" alt=\"\" class=\"slider-434 slide-445 msDefaultImage\" title=\"287858246_5467358843284859_8642925271269487049_n\" \/><\/li>\n                <li style=\"display: none; width: 100%;\" class=\"slide-455 ms-image \" aria-roledescription=\"slide\" data-date=\"2022-06-13 10:02:52\" data-filename=\"287309133_5461792470508163_6616431319131026474_n-700x300.jpg\" data-slide-type=\"image\"><img loading=\"lazy\" decoding=\"async\" src=\"https:\/\/spi43.fr\/wp-content\/uploads\/2022\/06\/287309133_5461792470508163_6616431319131026474_n-700x300.jpg\" height=\"300\" width=\"700\" alt=\"\" class=\"slider-434 slide-455 msDefaultImage\" title=\"287309133_5461792470508163_6616431319131026474_n\" \/><\/li>\n                <li style=\"display: none; width: 100%;\" class=\"slide-456 ms-image \" aria-roledescription=\"slide\" data-date=\"2022-06-13 10:02:52\" data-filename=\"287391084_5461792673841476_9188758521660008482_n-700x300.jpg\" data-slide-type=\"image\"><img loading=\"lazy\" decoding=\"async\" src=\"https:\/\/spi43.fr\/wp-content\/uploads\/2022\/06\/287391084_5461792673841476_9188758521660008482_n-700x300.jpg\" height=\"300\" width=\"700\" alt=\"\" class=\"slider-434 slide-456 msDefaultImage\" title=\"287391084_5461792673841476_9188758521660008482_n\" \/><\/li>\n            <\/ul>\n        <\/div>\n        \n    <\/div>\n<\/div>\n","protected":false},"excerpt":{"rendered":"<p>Edition 2022 et 2023 Retour sur la seconde \u00e9dition du Tour cyclo de la Haute Loire 2022. Un p\u00e9riple de 330km sur 3 jours avec un D+ de 5300m. F\u00e9licitations [&hellip;]<\/p>\n","protected":false},"author":1,"featured_media":0,"parent":0,"menu_order":50,"comment_status":"closed","ping_status":"closed","template":"","meta":{"footnotes":""},"class_list":["post-420","page","type-page","status-publish","hentry"],"_links":{"self":[{"href":"https:\/\/spi43.fr\/index.php?rest_route=\/wp\/v2\/pages\/420","targetHints":{"allow":["GET"]}}],"collection":[{"href":"https:\/\/spi43.fr\/index.php?rest_route=\/wp\/v2\/pages"}],"about":[{"href":"https:\/\/spi43.fr\/index.php?rest_route=\/wp\/v2\/types\/page"}],"author":[{"embeddable":true,"href":"https:\/\/spi43.fr\/index.php?rest_route=\/wp\/v2\/users\/1"}],"replies":[{"embeddable":true,"href":"https:\/\/spi43.fr\/index.php?rest_route=%2Fwp%2Fv2%2Fcomments&post=420"}],"version-history":[{"count":16,"href":"https:\/\/spi43.fr\/index.php?rest_route=\/wp\/v2\/pages\/420\/revisions"}],"predecessor-version":[{"id":976,"href":"https:\/\/spi43.fr\/index.php?rest_route=\/wp\/v2\/pages\/420\/revisions\/976"}],"wp:attachment":[{"href":"https:\/\/spi43.fr\/index.php?rest_route=%2Fwp%2Fv2%2Fmedia&parent=420"}],"curies":[{"name":"wp","href":"https:\/\/api.w.org\/{rel}","templated":true}]}}