{"id":2,"date":"2022-06-08T11:48:21","date_gmt":"2022-06-08T09:48:21","guid":{"rendered":"http:\/\/spi43.fr\/?page_id=2"},"modified":"2023-12-19T15:16:36","modified_gmt":"2023-12-19T14:16:36","slug":"page-d-exemple","status":"publish","type":"page","link":"https:\/\/spi43.fr\/?page_id=2","title":{"rendered":"T\u00e9moignages"},"content":{"rendered":"\n<p><\/p>\n\n\n\n<div class=\"wp-block-media-text alignwide is-stacked-on-mobile is-vertically-aligned-center\" style=\"grid-template-columns:35% auto\"><figure class=\"wp-block-media-text__media\"><img loading=\"lazy\" decoding=\"async\" width=\"660\" height=\"1024\" src=\"https:\/\/spi43.fr\/wp-content\/uploads\/2023\/12\/Article-presse-660x1024.jpg\" alt=\"\" class=\"wp-image-837 size-full\" srcset=\"https:\/\/spi43.fr\/wp-content\/uploads\/2023\/12\/Article-presse-660x1024.jpg 660w, https:\/\/spi43.fr\/wp-content\/uploads\/2023\/12\/Article-presse-194x300.jpg 194w, https:\/\/spi43.fr\/wp-content\/uploads\/2023\/12\/Article-presse-768x1191.jpg 768w, https:\/\/spi43.fr\/wp-content\/uploads\/2023\/12\/Article-presse-991x1536.jpg 991w, https:\/\/spi43.fr\/wp-content\/uploads\/2023\/12\/Article-presse.jpg 1032w\" sizes=\"auto, (max-width: 660px) 100vw, 660px\" \/><\/figure><div class=\"wp-block-media-text__content\">\n<p>Collaboration de 6 mois avec Pascal pour pr\u00e9parer l&rsquo;Altriman<\/p>\n<\/div><\/div>\n\n\n\n<div class=\"wp-block-media-text alignwide is-stacked-on-mobile\" style=\"grid-template-columns:15% auto\"><figure class=\"wp-block-media-text__media\"><img loading=\"lazy\" decoding=\"async\" width=\"510\" height=\"1024\" src=\"https:\/\/spi43.fr\/wp-content\/uploads\/2023\/12\/received_845943973281898-1-510x1024.jpeg\" alt=\"\" class=\"wp-image-838 size-full\" srcset=\"https:\/\/spi43.fr\/wp-content\/uploads\/2023\/12\/received_845943973281898-1-510x1024.jpeg 510w, https:\/\/spi43.fr\/wp-content\/uploads\/2023\/12\/received_845943973281898-1-150x300.jpeg 150w, https:\/\/spi43.fr\/wp-content\/uploads\/2023\/12\/received_845943973281898-1-768x1541.jpeg 768w, https:\/\/spi43.fr\/wp-content\/uploads\/2023\/12\/received_845943973281898-1-766x1536.jpeg 766w, https:\/\/spi43.fr\/wp-content\/uploads\/2023\/12\/received_845943973281898-1.jpeg 957w\" sizes=\"auto, (max-width: 510px) 100vw, 510px\" \/><\/figure><div class=\"wp-block-media-text__content\">\n<p>Collaboration de 8 mois avec Olivier A pour \u00eatre finisher sur l&rsquo;Embruman<\/p>\n\n\n\n<p><\/p>\n<\/div><\/div>\n\n\n\n<p><\/p>\n\n\n\n<div class=\"wp-block-media-text alignwide is-stacked-on-mobile\" style=\"grid-template-columns:27% auto\"><figure class=\"wp-block-media-text__media\"><img loading=\"lazy\" decoding=\"async\" width=\"748\" height=\"1024\" src=\"https:\/\/spi43.fr\/wp-content\/uploads\/2023\/12\/IMG-20230227-WA0001-748x1024.jpg\" alt=\"\" class=\"wp-image-839 size-full\" srcset=\"https:\/\/spi43.fr\/wp-content\/uploads\/2023\/12\/IMG-20230227-WA0001-748x1024.jpg 748w, https:\/\/spi43.fr\/wp-content\/uploads\/2023\/12\/IMG-20230227-WA0001-219x300.jpg 219w, https:\/\/spi43.fr\/wp-content\/uploads\/2023\/12\/IMG-20230227-WA0001-768x1052.jpg 768w, https:\/\/spi43.fr\/wp-content\/uploads\/2023\/12\/IMG-20230227-WA0001-1121x1536.jpg 1121w, https:\/\/spi43.fr\/wp-content\/uploads\/2023\/12\/IMG-20230227-WA0001.jpg 1168w\" sizes=\"auto, (max-width: 748px) 100vw, 748px\" \/><\/figure><div class=\"wp-block-media-text__content\">\n<p>Collaboration de 6 mois avec Nathalie pour r\u00e9aliser une semi-marathon \u00e0 12km\/h<\/p>\n\n\n\n<p class=\"has-text-align-left has-medium-font-size\"><\/p>\n<\/div><\/div>\n\n\n\n<div class=\"wp-block-group\"><div class=\"wp-block-group__inner-container is-layout-constrained wp-block-group-is-layout-constrained\">\n<div class=\"wp-block-group\"><div class=\"wp-block-group__inner-container is-layout-constrained wp-block-group-is-layout-constrained\">\n<p class=\"has-text-align-left\">Collaboration de 6 mois avec Marie pour pr\u00e9parer un 10km de nage eau libre&#8230;objectif r\u00e9ussi<\/p>\n\n\n\n<figure class=\"wp-block-image size-full is-resized\"><img loading=\"lazy\" decoding=\"async\" width=\"640\" height=\"853\" src=\"https:\/\/spi43.fr\/wp-content\/uploads\/2023\/12\/received_627381336023983-1.jpeg\" alt=\"\" class=\"wp-image-841\" style=\"width:214px;height:auto\" srcset=\"https:\/\/spi43.fr\/wp-content\/uploads\/2023\/12\/received_627381336023983-1.jpeg 640w, https:\/\/spi43.fr\/wp-content\/uploads\/2023\/12\/received_627381336023983-1-225x300.jpeg 225w\" sizes=\"auto, (max-width: 640px) 100vw, 640px\" \/><\/figure>\n<\/div><\/div>\n<\/div><\/div>\n","protected":false},"excerpt":{"rendered":"<p>Collaboration de 6 mois avec Pascal pour pr\u00e9parer l&rsquo;Altriman Collaboration de 8 mois avec Olivier A pour \u00eatre finisher sur l&rsquo;Embruman Collaboration de 6 mois avec Nathalie pour r\u00e9aliser une [&hellip;]<\/p>\n","protected":false},"author":1,"featured_media":0,"parent":0,"menu_order":3,"comment_status":"closed","ping_status":"closed","template":"","meta":{"footnotes":""},"class_list":["post-2","page","type-page","status-publish","hentry"],"_links":{"self":[{"href":"https:\/\/spi43.fr\/index.php?rest_route=\/wp\/v2\/pages\/2","targetHints":{"allow":["GET"]}}],"collection":[{"href":"https:\/\/spi43.fr\/index.php?rest_route=\/wp\/v2\/pages"}],"about":[{"href":"https:\/\/spi43.fr\/index.php?rest_route=\/wp\/v2\/types\/page"}],"author":[{"embeddable":true,"href":"https:\/\/spi43.fr\/index.php?rest_route=\/wp\/v2\/users\/1"}],"replies":[{"embeddable":true,"href":"https:\/\/spi43.fr\/index.php?rest_route=%2Fwp%2Fv2%2Fcomments&post=2"}],"version-history":[{"count":6,"href":"https:\/\/spi43.fr\/index.php?rest_route=\/wp\/v2\/pages\/2\/revisions"}],"predecessor-version":[{"id":842,"href":"https:\/\/spi43.fr\/index.php?rest_route=\/wp\/v2\/pages\/2\/revisions\/842"}],"wp:attachment":[{"href":"https:\/\/spi43.fr\/index.php?rest_route=%2Fwp%2Fv2%2Fmedia&parent=2"}],"curies":[{"name":"wp","href":"https:\/\/api.w.org\/{rel}","templated":true}]}}